{"id":188,"date":"2020-06-17T15:15:42","date_gmt":"2020-06-17T13:15:42","guid":{"rendered":"http:\/\/guestbook-magazine.eu\/?page_id=188"},"modified":"2020-07-31T21:15:04","modified_gmt":"2020-07-31T19:15:04","slug":"info","status":"publish","type":"page","link":"https:\/\/guestbook-magazine.eu\/en\/info\/","title":{"rendered":"Info"},"content":{"rendered":"<div style=\"height:180px\" aria-hidden=\"true\" class=\"wp-block-spacer\"><\/div>\n\n\n\n<div class=\"wp-block-columns is-layout-flex wp-container-core-columns-is-layout-9d6595d7 wp-block-columns-is-layout-flex\">\n<div class=\"wp-block-column is-layout-flow wp-block-column-is-layout-flow\">\n<p>In unserem imagin\u00e4ren Hotel hei\u00dfen wir die unterschiedlichsten G\u00e4ste aus allen denkbaren kreativen Bereichen willkommen. Gemeinsam verbringen sie eine bestimmte Zeit in unserem Haus, in der sie andere G\u00e4ste treffen, sich austauschen, gemeinsam eine Idee diskutieren, ein Projekt umsetzen und zusammen Spa\u00df haben. Sie verewigen sich in unserem G\u00e4stebuch, lassen eine Nachricht, eine Botschaft oder ihre Geschichte da. Das G\u00e4stebuch wird so zum Logbuch unserer gemeinsamen Zeit und ist die Dokumentation unserer Zusammenarbeit.<\/p>\n\n\n\n<p>Guestbook Magazine ist ein kollaborativ erarbeitetes Online-Magazin, das den Menschen, seine Gedanken, Taten, Emotionen und Geschichten in den Mittelpunkt stellt. Das Magazin ist Kommunikationskanal und Plattform zugleich und dient zum Austausch und zur Pr\u00e4sentation kreativer Ideen.<\/p>\n<\/div>\n\n\n\n<div class=\"wp-block-column is-layout-flow wp-block-column-is-layout-flow\">\n<p>Wir glauben nicht nur daran, dass das Ergebnis einer Aufgabe besser wird, wenn verschiedene Menschen mit unterschiedlichem Background daran arbeiten. Sondern auch daran, dass die Welt eine bessere ist, wenn sich Menschen gegenseitig inspirieren, unterst\u00fctzen und gemeinsam an der Realisierung arbeiten.<\/p>\n<\/div>\n<\/div>\n\n\n<div class=\"lazyblock-list-team-PGxvb wp-block-lazyblock-list-team\"><style>\n  a {\n    color:#000000;\n  }\n  a:hover {\n    color: #000000;\n    text-decoration: underline;\n<\/style>\n\n  <p>G\u00e4ste:<\/p>\n    <a href=\"\/en\/author\/Alexandra-Zenleser\/\">Alexandra Zenleser<\/a>, <a href=\"\/en\/author\/Amuna-Schmid\/\">Amuna Schmid<\/a>, <a href=\"\/en\/author\/Anna-Ross\/\">Anna Ross<\/a>, <a href=\"\/en\/author\/Anne-Fink\/\">Anne Fink<\/a>, <a href=\"\/en\/author\/Ben-El-Halawany\/\">Ben El Halawany<\/a>, <a href=\"\/en\/author\/Charlotte-Decaille\/\">Charlotte Decaille<\/a>, <a href=\"\/en\/author\/Coline-Lafond\/\">Coline Lafond<\/a>, <a href=\"\/en\/author\/Dan-Trautwein\/\">Dan Trautwein<\/a>, <a href=\"\/en\/author\/David-Reich\/\">David Reich<\/a>, <a href=\"\/en\/author\/Eva-Cathrin-Scholl\/\">Eva Cathrin Scholl<\/a>, <a href=\"\/en\/author\/Francesca-Romana-Audretsch\/\">Francesca Romana Audretsch<\/a>, <a href=\"\/en\/author\/Franziska-Zoe-Grimm\/\">Franziska Zoe Grimm<\/a>, <a href=\"\/en\/author\/Grischa-Beuerle\/\">Grischa Beuerle<\/a>, <a href=\"\/en\/author\/Henrik\/\">Henrik<\/a>, <a href=\"\/en\/author\/Kata-Bachmann\/\">Kata Bachmann<\/a>, <a href=\"\/en\/author\/Katja-Wanke\/\">Katja Wanke<\/a>, <a href=\"\/en\/author\/Lara-Weins\/\">Lara Weins<\/a>, <a href=\"\/en\/author\/Lena-Barkovic\/\">Lena Barkovic<\/a>, <a href=\"\/en\/author\/Leonie-Bucher\/\">Leonie Bucher<\/a>, <a href=\"\/en\/author\/Lili-Oberdoerfer\/\">Lili Oberdoerfer<\/a>, <a href=\"\/en\/author\/Lilith-Heidt\/\">Lilith Heidt<\/a>, <a href=\"\/en\/author\/Lisa-Raabe\/\">Lisa Raabe<\/a>, <a href=\"\/en\/author\/Luan-Oetker\/\">Luan Oetker<\/a>, <a href=\"\/en\/author\/Luis-Baltes\/\">Luis Baltes<\/a>, <a href=\"\/en\/author\/Malena-Kronschnabl\/\">Malena Kronschnabl<\/a>, <a href=\"\/en\/author\/Matthias-Straub\/\">Matthias Straub<\/a>, <a href=\"\/en\/author\/Melissa-Cagatay\/\">Melissa Cagatay<\/a>, <a href=\"\/en\/author\/Meltem-Yurt\/\">Meltem Yurt<\/a>, <a href=\"\/en\/author\/Nelesuta\/\">Nelesuta<\/a>, <a href=\"\/en\/author\/Nina-Flaitz\/\">Nina Flaitz<\/a>, <a href=\"\/en\/author\/Nora-Kraska\/\">Nora Kraska<\/a>, <a href=\"\/en\/author\/Paula-Thomaka\/\">Paula Thomaka<\/a>, <a href=\"\/en\/author\/Philip-M.-Stoeckenius\/\">Philip M. Stoeckenius<\/a>, <a href=\"\/en\/author\/Rainer-Brenner\/\">Rainer Brenner<\/a>, <a href=\"\/en\/author\/Rosa-Viktoria-Ahlers\/\">Rosa Viktoria Ahlers<\/a>, <a href=\"\/en\/author\/Saeed-Kakavand\/\">Saeed Kakavand<\/a>, <a href=\"\/en\/author\/Tara-Hariri\/\">Tara Hariri<\/a>, <a href=\"\/en\/author\/Testing-Test\/\">Testing Test<\/a>, <a href=\"\/en\/author\/Wilhelmina-Welsch\/\">Wilhelmina Welsch<\/a>, <a href=\"\/en\/author\/Willy-Iffland\/\">Willy Iffland<\/a>, Du?<\/div>\n\n\n<div style=\"height:80px\" aria-hidden=\"true\" class=\"wp-block-spacer\"><\/div>","protected":false},"excerpt":{"rendered":"<p>In unserem imagin\u00e4ren Hotel hei\u00dfen wir die unterschiedlichsten G\u00e4ste aus allen denkbaren kreativen Bereichen willkommen. Gemeinsam verbringen sie eine bestimmte Zeit in unserem Haus, in der sie andere G\u00e4ste treffen, sich austauschen, gemeinsam eine Idee diskutieren, ein Projekt umsetzen und zusammen Spa\u00df haben. Sie verewigen sich in unserem G\u00e4stebuch, lassen eine Nachricht, eine Botschaft oder [&hellip;]<\/p>\n","protected":false},"author":1,"featured_media":0,"parent":0,"menu_order":0,"comment_status":"closed","ping_status":"closed","template":"single-pages.php","meta":{"footnotes":""},"coauthors":[82],"class_list":["post-188","page","type-page","status-publish","hentry"],"_links":{"self":[{"href":"https:\/\/guestbook-magazine.eu\/en\/wp-json\/wp\/v2\/pages\/188","targetHints":{"allow":["GET"]}}],"collection":[{"href":"https:\/\/guestbook-magazine.eu\/en\/wp-json\/wp\/v2\/pages"}],"about":[{"href":"https:\/\/guestbook-magazine.eu\/en\/wp-json\/wp\/v2\/types\/page"}],"author":[{"embeddable":true,"href":"https:\/\/guestbook-magazine.eu\/en\/wp-json\/wp\/v2\/users\/1"}],"replies":[{"embeddable":true,"href":"https:\/\/guestbook-magazine.eu\/en\/wp-json\/wp\/v2\/comments?post=188"}],"version-history":[{"count":19,"href":"https:\/\/guestbook-magazine.eu\/en\/wp-json\/wp\/v2\/pages\/188\/revisions"}],"predecessor-version":[{"id":877,"href":"https:\/\/guestbook-magazine.eu\/en\/wp-json\/wp\/v2\/pages\/188\/revisions\/877"}],"wp:attachment":[{"href":"https:\/\/guestbook-magazine.eu\/en\/wp-json\/wp\/v2\/media?parent=188"}],"wp:term":[{"taxonomy":"author","embeddable":true,"href":"https:\/\/guestbook-magazine.eu\/en\/wp-json\/wp\/v2\/coauthors?post=188"}],"curies":[{"name":"wp","href":"https:\/\/api.w.org\/{rel}","templated":true}]}}