{"id":140,"date":"2020-06-12T11:58:34","date_gmt":"2020-06-12T09:58:34","guid":{"rendered":"http:\/\/guestbook-magazine.eu\/?page_id=140"},"modified":"2020-07-30T17:47:23","modified_gmt":"2020-07-30T15:47:23","slug":"basquette","status":"publish","type":"page","link":"https:\/\/guestbook-magazine.eu\/en\/taste\/basquette\/","title":{"rendered":"Basquette"},"content":{"rendered":"<div class=\"lazyblock-post-gallery-Z1o2R2x wp-block-lazyblock-post-gallery\">\n\n    <div class=\"posts pb-4\">\n    \t<div class=\"row\">\n    \t          \t        \t    <div class=\"post col-md-4 p-0\" style=\"right:84px; margin-top:92px;\">\n    \t\t\t\t<div class=\"postImg\" style=\"z-index:4\">\n    \t\t\t\t\t<a href=\"https:\/\/guestbook-magazine.eu\/en\/taste\/basquette\/gioco-culinario\/\" title=\"Gioco Culinario\">\n    \t\t\t\t\t  <img loading=\"lazy\" decoding=\"async\" width=\"1735\" height=\"2560\" src=\"https:\/\/guestbook-magazine.eu\/wp-content\/uploads\/guestbook_basquette_gioco_culinario_01-1-scaled.jpg\" class=\"attachment-post-thumbnail size-post-thumbnail wp-post-image\" alt=\"\" srcset=\"https:\/\/guestbook-magazine.eu\/wp-content\/uploads\/guestbook_basquette_gioco_culinario_01-1-scaled.jpg 1735w, https:\/\/guestbook-magazine.eu\/wp-content\/uploads\/guestbook_basquette_gioco_culinario_01-1-768x1133.jpg 768w, https:\/\/guestbook-magazine.eu\/wp-content\/uploads\/guestbook_basquette_gioco_culinario_01-1-1041x1536.jpg 1041w, https:\/\/guestbook-magazine.eu\/wp-content\/uploads\/guestbook_basquette_gioco_culinario_01-1-1388x2048.jpg 1388w, https:\/\/guestbook-magazine.eu\/wp-content\/uploads\/guestbook_basquette_gioco_culinario_01-1-8x12.jpg 8w, https:\/\/guestbook-magazine.eu\/wp-content\/uploads\/guestbook_basquette_gioco_culinario_01-1-800x1180.jpg 800w\" sizes=\"auto, (max-width: 1735px) 100vw, 1735px\" \/>    \t\t\t\t\t<\/a>\n\n                        <div class=\"row postHover\">\n                            <div class=\"col text\">\n                                <div class=\"col-12 postCat\">\n                                    <a href=\"https:\/\/guestbook-magazine.eu\/en\/taste\/basquette\/\">Basquette<\/a>                        \t    <\/div>\n                                <div class=\"col-12 postTitle\">\n                                    <a href=\"https:\/\/guestbook-magazine.eu\/en\/taste\/basquette\/gioco-culinario\/\" title=\"Gioco Culinario\">\n                                        Gioco Culinario                                    <\/a>\n                        \t    <\/div>\n                        \t    <!--<div class=\"postDesc\">\n                        \t    \tF\u00fcr das Jahr 2021 f\u00e4llt der letzte Vorhang und es ist an der Zeit, zw\u00f6lf ereignisreiche Monate feierlich und stilvoll \u2026 <b>read more<\/b>                        \t    <\/div>\n                                -->\n                            <\/div>\n                        <\/div> <!-- \/HOVER -->\n\n    \t\t\t\t<\/div>\n    \t\t\t<\/div>\n            \n                \t\t\t\t\n    \t\t\t\t                        \n        \t        \t    <div class=\"post col-md-4 p-0\" style=\"right:60px; margin-top:46px;\">\n    \t\t\t\t<div class=\"postImg\" style=\"z-index:2\">\n    \t\t\t\t\t<a href=\"https:\/\/guestbook-magazine.eu\/en\/taste\/basquette\/girls-who-like-basquette-rooftop-aperitivo\/\" title=\"ROOFTOP APERITIVO\">\n    \t\t\t\t\t  <img loading=\"lazy\" decoding=\"async\" width=\"1024\" height=\"1543\" src=\"https:\/\/guestbook-magazine.eu\/wp-content\/uploads\/guestbook_magazine_basquette_01-0062-titel-min.jpg\" class=\"attachment-post-thumbnail size-post-thumbnail wp-post-image\" alt=\"\" srcset=\"https:\/\/guestbook-magazine.eu\/wp-content\/uploads\/guestbook_magazine_basquette_01-0062-titel-min.jpg 1024w, https:\/\/guestbook-magazine.eu\/wp-content\/uploads\/guestbook_magazine_basquette_01-0062-titel-min-199x300.jpg 199w, https:\/\/guestbook-magazine.eu\/wp-content\/uploads\/guestbook_magazine_basquette_01-0062-titel-min-680x1024.jpg 680w, https:\/\/guestbook-magazine.eu\/wp-content\/uploads\/guestbook_magazine_basquette_01-0062-titel-min-768x1157.jpg 768w, https:\/\/guestbook-magazine.eu\/wp-content\/uploads\/guestbook_magazine_basquette_01-0062-titel-min-1019x1536.jpg 1019w\" sizes=\"auto, (max-width: 1024px) 100vw, 1024px\" \/>    \t\t\t\t\t<\/a>\n\n                        <div class=\"row postHover\">\n                            <div class=\"col text\">\n                                <div class=\"col-12 postCat\">\n                                    <a href=\"https:\/\/guestbook-magazine.eu\/en\/taste\/basquette\/\">Basquette<\/a>                        \t    <\/div>\n                                <div class=\"col-12 postTitle\">\n                                    <a href=\"https:\/\/guestbook-magazine.eu\/en\/taste\/basquette\/girls-who-like-basquette-rooftop-aperitivo\/\" title=\"ROOFTOP APERITIVO\">\n                                        ROOFTOP APERITIVO                                    <\/a>\n                        \t    <\/div>\n                        \t    <!--<div class=\"postDesc\">\n                        \t    \tPfirsich Bellini 1 Pfirsich 1EL Zitronensaft 2 0,2l &#8211; Piccolo Kessler Brut \/ Prosecco Den Pfirsich in St\u00fccke schneiden und \u2026 <b>read more<\/b>                        \t    <\/div>\n                                -->\n                            <\/div>\n                        <\/div> <!-- \/HOVER -->\n\n    \t\t\t\t<\/div>\n    \t\t\t<\/div>\n            \n                \t\t\t\t\n    \t\t\t\t    \t\t\t\t\t\t<\/div><div class=\"row\">\n    \t\t\t\t                        \n        \t        \t    <div class=\"post col-md-4 p-0\" style=\"right:73px; margin-top:74px;\">\n    \t\t\t\t<div class=\"postImg\" style=\"z-index:3\">\n    \t\t\t\t\t<a href=\"https:\/\/guestbook-magazine.eu\/en\/taste\/basquette\/noon-panir-sabzi\/\" title=\"NOON PANIR SABZI\">\n    \t\t\t\t\t  <img loading=\"lazy\" decoding=\"async\" width=\"2560\" height=\"2048\" src=\"https:\/\/guestbook-magazine.eu\/wp-content\/uploads\/guestbook_magazine_basquette_noon_panir_sabzi_foto17-min-scaled.jpg\" class=\"attachment-post-thumbnail size-post-thumbnail wp-post-image\" alt=\"\" srcset=\"https:\/\/guestbook-magazine.eu\/wp-content\/uploads\/guestbook_magazine_basquette_noon_panir_sabzi_foto17-min-scaled.jpg 2560w, https:\/\/guestbook-magazine.eu\/wp-content\/uploads\/guestbook_magazine_basquette_noon_panir_sabzi_foto17-min-300x240.jpg 300w, https:\/\/guestbook-magazine.eu\/wp-content\/uploads\/guestbook_magazine_basquette_noon_panir_sabzi_foto17-min-1024x819.jpg 1024w, https:\/\/guestbook-magazine.eu\/wp-content\/uploads\/guestbook_magazine_basquette_noon_panir_sabzi_foto17-min-768x614.jpg 768w, https:\/\/guestbook-magazine.eu\/wp-content\/uploads\/guestbook_magazine_basquette_noon_panir_sabzi_foto17-min-1536x1229.jpg 1536w, https:\/\/guestbook-magazine.eu\/wp-content\/uploads\/guestbook_magazine_basquette_noon_panir_sabzi_foto17-min-2048x1638.jpg 2048w, https:\/\/guestbook-magazine.eu\/wp-content\/uploads\/guestbook_magazine_basquette_noon_panir_sabzi_foto17-min-16x12.jpg 16w\" sizes=\"auto, (max-width: 2560px) 100vw, 2560px\" \/>    \t\t\t\t\t<\/a>\n\n                        <div class=\"row postHover\">\n                            <div class=\"col text\">\n                                <div class=\"col-12 postCat\">\n                                    <a href=\"https:\/\/guestbook-magazine.eu\/en\/taste\/basquette\/\">Basquette<\/a>                        \t    <\/div>\n                                <div class=\"col-12 postTitle\">\n                                    <a href=\"https:\/\/guestbook-magazine.eu\/en\/taste\/basquette\/noon-panir-sabzi\/\" title=\"NOON PANIR SABZI\">\n                                        NOON PANIR SABZI                                    <\/a>\n                        \t    <\/div>\n                        \t    <!--<div class=\"postDesc\">\n                        \t    \t \u2026 <b>read more<\/b>                        \t    <\/div>\n                                -->\n                            <\/div>\n                        <\/div> <!-- \/HOVER -->\n\n    \t\t\t\t<\/div>\n    \t\t\t<\/div>\n            \n                \t\t\t\t\n    \t\t\t\t                        \n        \t        \t    <div class=\"post col-md-4 p-0\" style=\"right:-2px; margin-top:4px;\">\n    \t\t\t\t<div class=\"postImg\" style=\"z-index:3\">\n    \t\t\t\t\t<a href=\"https:\/\/guestbook-magazine.eu\/en\/taste\/basquette\/sizdeh-bedar\/\" title=\"Sizdeh Bedar \/ Der letzte Tag von Nowruz\">\n    \t\t\t\t\t  <img loading=\"lazy\" decoding=\"async\" width=\"1224\" height=\"1219\" src=\"https:\/\/guestbook-magazine.eu\/wp-content\/uploads\/R1-09193-0028-Kopie.jpg\" class=\"attachment-post-thumbnail size-post-thumbnail wp-post-image\" alt=\"\" srcset=\"https:\/\/guestbook-magazine.eu\/wp-content\/uploads\/R1-09193-0028-Kopie.jpg 1224w, https:\/\/guestbook-magazine.eu\/wp-content\/uploads\/R1-09193-0028-Kopie-300x300.jpg 300w, https:\/\/guestbook-magazine.eu\/wp-content\/uploads\/R1-09193-0028-Kopie-1024x1020.jpg 1024w, https:\/\/guestbook-magazine.eu\/wp-content\/uploads\/R1-09193-0028-Kopie-150x150.jpg 150w, https:\/\/guestbook-magazine.eu\/wp-content\/uploads\/R1-09193-0028-Kopie-768x765.jpg 768w, https:\/\/guestbook-magazine.eu\/wp-content\/uploads\/R1-09193-0028-Kopie-12x12.jpg 12w, https:\/\/guestbook-magazine.eu\/wp-content\/uploads\/R1-09193-0028-Kopie-800x797.jpg 800w, https:\/\/guestbook-magazine.eu\/wp-content\/uploads\/R1-09193-0028-Kopie-100x100.jpg 100w\" sizes=\"auto, (max-width: 1224px) 100vw, 1224px\" \/>    \t\t\t\t\t<\/a>\n\n                        <div class=\"row postHover\">\n                            <div class=\"col text\">\n                                <div class=\"col-12 postCat\">\n                                    <a href=\"https:\/\/guestbook-magazine.eu\/en\/taste\/basquette\/\">Basquette<\/a>                        \t    <\/div>\n                                <div class=\"col-12 postTitle\">\n                                    <a href=\"https:\/\/guestbook-magazine.eu\/en\/taste\/basquette\/sizdeh-bedar\/\" title=\"Sizdeh Bedar \/ Der letzte Tag von Nowruz\">\n                                        Sizdeh Bedar \/ Der letzte Tag von Nowruz                                    <\/a>\n                        \t    <\/div>\n                        \t    <!--<div class=\"postDesc\">\n                        \t    \t \u2026 <b>read more<\/b>                        \t    <\/div>\n                                -->\n                            <\/div>\n                        <\/div> <!-- \/HOVER -->\n\n    \t\t\t\t<\/div>\n    \t\t\t<\/div>\n            \n                \t\t\t\t\n    \t\t\t\t                        \n        \t    \t<\/div>\n    <\/div>\n\n    \n<\/div>","protected":false},"excerpt":{"rendered":"","protected":false},"author":1,"featured_media":0,"parent":129,"menu_order":0,"comment_status":"closed","ping_status":"closed","template":"single-post-full-width.php","meta":{"footnotes":""},"coauthors":[],"class_list":["post-140","page","type-page","status-publish","hentry"],"_links":{"self":[{"href":"https:\/\/guestbook-magazine.eu\/en\/wp-json\/wp\/v2\/pages\/140","targetHints":{"allow":["GET"]}}],"collection":[{"href":"https:\/\/guestbook-magazine.eu\/en\/wp-json\/wp\/v2\/pages"}],"about":[{"href":"https:\/\/guestbook-magazine.eu\/en\/wp-json\/wp\/v2\/types\/page"}],"author":[{"embeddable":true,"href":"https:\/\/guestbook-magazine.eu\/en\/wp-json\/wp\/v2\/users\/1"}],"replies":[{"embeddable":true,"href":"https:\/\/guestbook-magazine.eu\/en\/wp-json\/wp\/v2\/comments?post=140"}],"version-history":[{"count":6,"href":"https:\/\/guestbook-magazine.eu\/en\/wp-json\/wp\/v2\/pages\/140\/revisions"}],"predecessor-version":[{"id":825,"href":"https:\/\/guestbook-magazine.eu\/en\/wp-json\/wp\/v2\/pages\/140\/revisions\/825"}],"up":[{"embeddable":true,"href":"https:\/\/guestbook-magazine.eu\/en\/wp-json\/wp\/v2\/pages\/129"}],"wp:attachment":[{"href":"https:\/\/guestbook-magazine.eu\/en\/wp-json\/wp\/v2\/media?parent=140"}],"wp:term":[{"taxonomy":"author","embeddable":true,"href":"https:\/\/guestbook-magazine.eu\/en\/wp-json\/wp\/v2\/coauthors?post=140"}],"curies":[{"name":"wp","href":"https:\/\/api.w.org\/{rel}","templated":true}]}}