{"id":108,"date":"2020-06-06T21:39:24","date_gmt":"2020-06-06T19:39:24","guid":{"rendered":"http:\/\/guestbook-magazine.eu\/?page_id=108"},"modified":"2020-07-30T17:47:07","modified_gmt":"2020-07-30T15:47:07","slug":"paperness","status":"publish","type":"page","link":"https:\/\/guestbook-magazine.eu\/en\/read\/paperness\/","title":{"rendered":"paperness"},"content":{"rendered":"<div class=\"lazyblock-post-gallery-Z1tfA4F wp-block-lazyblock-post-gallery\">\n\n    <div class=\"posts pb-4\">\n    \t<div class=\"row\">\n    \t          \t        \t    <div class=\"post col-md-4 p-0\" style=\"right:-61px; margin-top:23px;\">\n    \t\t\t\t<div class=\"postImg\" style=\"z-index:3\">\n    \t\t\t\t\t<a href=\"https:\/\/guestbook-magazine.eu\/en\/read\/paperness\/until-i-break-von-thomas-sing\/\" title=\"&#8222;UNTIL I BREAK&#8220; von Thomas Sing\">\n    \t\t\t\t\t  <img loading=\"lazy\" decoding=\"async\" width=\"2560\" height=\"1707\" src=\"https:\/\/guestbook-magazine.eu\/wp-content\/uploads\/DSC03746-min-scaled.jpeg\" class=\"attachment-post-thumbnail size-post-thumbnail wp-post-image\" alt=\"\" srcset=\"https:\/\/guestbook-magazine.eu\/wp-content\/uploads\/DSC03746-min-scaled.jpeg 2560w, https:\/\/guestbook-magazine.eu\/wp-content\/uploads\/DSC03746-min-300x200.jpeg 300w, https:\/\/guestbook-magazine.eu\/wp-content\/uploads\/DSC03746-min-1024x683.jpeg 1024w, https:\/\/guestbook-magazine.eu\/wp-content\/uploads\/DSC03746-min-768x512.jpeg 768w, https:\/\/guestbook-magazine.eu\/wp-content\/uploads\/DSC03746-min-1536x1024.jpeg 1536w, https:\/\/guestbook-magazine.eu\/wp-content\/uploads\/DSC03746-min-2048x1365.jpeg 2048w, https:\/\/guestbook-magazine.eu\/wp-content\/uploads\/DSC03746-min-16x12.jpeg 16w\" sizes=\"auto, (max-width: 2560px) 100vw, 2560px\" \/>    \t\t\t\t\t<\/a>\n\n                        <div class=\"row postHover\">\n                            <div class=\"col text\">\n                                <div class=\"col-12 postCat\">\n                                    <a href='https:\/\/guestbook-magazine.eu\/en\/read\/paperness\/'>paperness<\/a>                        \t    <\/div>\n                                <div class=\"col-12 postTitle\">\n                                    <a href=\"https:\/\/guestbook-magazine.eu\/en\/read\/paperness\/until-i-break-von-thomas-sing\/\" title=\"&#8222;UNTIL I BREAK&#8220; von Thomas Sing\">\n                                        &#8222;UNTIL I BREAK&#8220; von Thomas Sing                                    <\/a>\n                        \t    <\/div>\n                        \t    <!--<div class=\"postDesc\">\n                        \t    \t \u2026 <b>read more<\/b>                        \t    <\/div>\n                                -->\n                            <\/div>\n                        <\/div> <!-- \/HOVER -->\n\n    \t\t\t\t<\/div>\n    \t\t\t<\/div>\n            \n                \t\t\t\t\n    \t\t\t\t                        \n        \t        \t    <div class=\"post col-md-4 p-0\" style=\"right:89px; margin-top:26px;\">\n    \t\t\t\t<div class=\"postImg\" style=\"z-index:2\">\n    \t\t\t\t\t<a href=\"https:\/\/guestbook-magazine.eu\/en\/read\/paperness\/nasa-apollo-11-von-steffen-knoell\/\" title=\"&#8222;NASA Apollo 11&#8220; von Steffen Kn\u00f6ll\">\n    \t\t\t\t\t  <img loading=\"lazy\" decoding=\"async\" width=\"1390\" height=\"956\" src=\"https:\/\/guestbook-magazine.eu\/wp-content\/uploads\/11A-3-e1616072856994.jpg\" class=\"attachment-post-thumbnail size-post-thumbnail wp-post-image\" alt=\"\" srcset=\"https:\/\/guestbook-magazine.eu\/wp-content\/uploads\/11A-3-e1616072856994.jpg 1390w, https:\/\/guestbook-magazine.eu\/wp-content\/uploads\/11A-3-e1616072856994-300x206.jpg 300w, https:\/\/guestbook-magazine.eu\/wp-content\/uploads\/11A-3-e1616072856994-1024x704.jpg 1024w, https:\/\/guestbook-magazine.eu\/wp-content\/uploads\/11A-3-e1616072856994-768x528.jpg 768w, https:\/\/guestbook-magazine.eu\/wp-content\/uploads\/11A-3-e1616072856994-16x12.jpg 16w, https:\/\/guestbook-magazine.eu\/wp-content\/uploads\/11A-3-e1616072856994-800x550.jpg 800w\" sizes=\"auto, (max-width: 1390px) 100vw, 1390px\" \/>    \t\t\t\t\t<\/a>\n\n                        <div class=\"row postHover\">\n                            <div class=\"col text\">\n                                <div class=\"col-12 postCat\">\n                                    <a href='https:\/\/guestbook-magazine.eu\/en\/read\/paperness\/'>paperness<\/a>                        \t    <\/div>\n                                <div class=\"col-12 postTitle\">\n                                    <a href=\"https:\/\/guestbook-magazine.eu\/en\/read\/paperness\/nasa-apollo-11-von-steffen-knoell\/\" title=\"&#8222;NASA Apollo 11&#8220; von Steffen Kn\u00f6ll\">\n                                        &#8222;NASA Apollo 11&#8220; von Steffen Kn\u00f6ll                                    <\/a>\n                        \t    <\/div>\n                        \t    <!--<div class=\"postDesc\">\n                        \t    \t \u2026 <b>read more<\/b>                        \t    <\/div>\n                                -->\n                            <\/div>\n                        <\/div> <!-- \/HOVER -->\n\n    \t\t\t\t<\/div>\n    \t\t\t<\/div>\n            \n                \t\t\t\t\n    \t\t\t\t    \t\t\t\t\t\t<\/div><div class=\"row\">\n    \t\t\t\t                        \n        \t        \t    <div class=\"post col-md-4 p-0\" style=\"right:77px; margin-top:40px;\">\n    \t\t\t\t<div class=\"postImg\" style=\"z-index:2\">\n    \t\t\t\t\t<a href=\"https:\/\/guestbook-magazine.eu\/en\/read\/paperness\/karima-klasen\/\" title=\"&#8222;UP TO NOW&#8220; von Karima Klasen &#038; Katja Schloz\">\n    \t\t\t\t\t  <img loading=\"lazy\" decoding=\"async\" width=\"1616\" height=\"1080\" src=\"https:\/\/guestbook-magazine.eu\/wp-content\/uploads\/Karima-Klasen-01-min.jpeg\" class=\"attachment-post-thumbnail size-post-thumbnail wp-post-image\" alt=\"\" srcset=\"https:\/\/guestbook-magazine.eu\/wp-content\/uploads\/Karima-Klasen-01-min.jpeg 1616w, https:\/\/guestbook-magazine.eu\/wp-content\/uploads\/Karima-Klasen-01-min-300x200.jpeg 300w, https:\/\/guestbook-magazine.eu\/wp-content\/uploads\/Karima-Klasen-01-min-1024x684.jpeg 1024w, https:\/\/guestbook-magazine.eu\/wp-content\/uploads\/Karima-Klasen-01-min-768x513.jpeg 768w, https:\/\/guestbook-magazine.eu\/wp-content\/uploads\/Karima-Klasen-01-min-1536x1027.jpeg 1536w\" sizes=\"auto, (max-width: 1616px) 100vw, 1616px\" \/>    \t\t\t\t\t<\/a>\n\n                        <div class=\"row postHover\">\n                            <div class=\"col text\">\n                                <div class=\"col-12 postCat\">\n                                    <a href='https:\/\/guestbook-magazine.eu\/en\/read\/paperness\/'>paperness<\/a>                        \t    <\/div>\n                                <div class=\"col-12 postTitle\">\n                                    <a href=\"https:\/\/guestbook-magazine.eu\/en\/read\/paperness\/karima-klasen\/\" title=\"&#8222;UP TO NOW&#8220; von Karima Klasen &#038; Katja Schloz\">\n                                        &#8222;UP TO NOW&#8220; von Karima Klasen &#038; Katja Schloz                                    <\/a>\n                        \t    <\/div>\n                        \t    <!--<div class=\"postDesc\">\n                        \t    \t \u2026 <b>read more<\/b>                        \t    <\/div>\n                                -->\n                            <\/div>\n                        <\/div> <!-- \/HOVER -->\n\n    \t\t\t\t<\/div>\n    \t\t\t<\/div>\n            \n                \t\t\t\t\n    \t\t\t\t                        \n        \t        \t    <div class=\"post col-md-4 p-0\" style=\"right:-13px; margin-top:30px;\">\n    \t\t\t\t<div class=\"postImg\" style=\"z-index:0\">\n    \t\t\t\t\t<a href=\"https:\/\/guestbook-magazine.eu\/en\/read\/paperness\/emotional-landscapes-von-jonas-romo\/\" title=\"&#8222;EMOTIONAL LANDSCAPES&#8220; von Jon\u00e1s Romo\">\n    \t\t\t\t\t  <img loading=\"lazy\" decoding=\"async\" width=\"1616\" height=\"1080\" src=\"https:\/\/guestbook-magazine.eu\/wp-content\/uploads\/Emotional-Landscapes-02-min.jpeg\" class=\"attachment-post-thumbnail size-post-thumbnail wp-post-image\" alt=\"\" srcset=\"https:\/\/guestbook-magazine.eu\/wp-content\/uploads\/Emotional-Landscapes-02-min.jpeg 1616w, https:\/\/guestbook-magazine.eu\/wp-content\/uploads\/Emotional-Landscapes-02-min-300x200.jpeg 300w, https:\/\/guestbook-magazine.eu\/wp-content\/uploads\/Emotional-Landscapes-02-min-1024x684.jpeg 1024w, https:\/\/guestbook-magazine.eu\/wp-content\/uploads\/Emotional-Landscapes-02-min-768x513.jpeg 768w, https:\/\/guestbook-magazine.eu\/wp-content\/uploads\/Emotional-Landscapes-02-min-1536x1027.jpeg 1536w, https:\/\/guestbook-magazine.eu\/wp-content\/uploads\/Emotional-Landscapes-02-min-16x12.jpeg 16w\" sizes=\"auto, (max-width: 1616px) 100vw, 1616px\" \/>    \t\t\t\t\t<\/a>\n\n                        <div class=\"row postHover\">\n                            <div class=\"col text\">\n                                <div class=\"col-12 postCat\">\n                                    <a href='https:\/\/guestbook-magazine.eu\/en\/read\/paperness\/'>paperness<\/a>                        \t    <\/div>\n                                <div class=\"col-12 postTitle\">\n                                    <a href=\"https:\/\/guestbook-magazine.eu\/en\/read\/paperness\/emotional-landscapes-von-jonas-romo\/\" title=\"&#8222;EMOTIONAL LANDSCAPES&#8220; von Jon\u00e1s Romo\">\n                                        &#8222;EMOTIONAL LANDSCAPES&#8220; von Jon\u00e1s Romo                                    <\/a>\n                        \t    <\/div>\n                        \t    <!--<div class=\"postDesc\">\n                        \t    \t \u2026 <b>read more<\/b>                        \t    <\/div>\n                                -->\n                            <\/div>\n                        <\/div> <!-- \/HOVER -->\n\n    \t\t\t\t<\/div>\n    \t\t\t<\/div>\n            \n                \t\t\t\t\n    \t\t\t\t                        \n        \t        \t    <div class=\"post col-md-4 p-0\" style=\"right:-39px; margin-top:91px;\">\n    \t\t\t\t<div class=\"postImg\" style=\"z-index:0\">\n    \t\t\t\t\t<a href=\"https:\/\/guestbook-magazine.eu\/en\/read\/paperness\/where-in-the-world-am-i-von-david-spaeth\/\" title=\"&#8222;WHERE IN THE WORLD AM I?&#8220; von David Spaeth\">\n    \t\t\t\t\t  <img loading=\"lazy\" decoding=\"async\" width=\"2560\" height=\"1707\" src=\"https:\/\/guestbook-magazine.eu\/wp-content\/uploads\/DSC03648-min-scaled.jpeg\" class=\"attachment-post-thumbnail size-post-thumbnail wp-post-image\" alt=\"\" srcset=\"https:\/\/guestbook-magazine.eu\/wp-content\/uploads\/DSC03648-min-scaled.jpeg 2560w, https:\/\/guestbook-magazine.eu\/wp-content\/uploads\/DSC03648-min-300x200.jpeg 300w, https:\/\/guestbook-magazine.eu\/wp-content\/uploads\/DSC03648-min-1024x683.jpeg 1024w, https:\/\/guestbook-magazine.eu\/wp-content\/uploads\/DSC03648-min-768x512.jpeg 768w, https:\/\/guestbook-magazine.eu\/wp-content\/uploads\/DSC03648-min-1536x1024.jpeg 1536w, https:\/\/guestbook-magazine.eu\/wp-content\/uploads\/DSC03648-min-2048x1365.jpeg 2048w, https:\/\/guestbook-magazine.eu\/wp-content\/uploads\/DSC03648-min-16x12.jpeg 16w\" sizes=\"auto, (max-width: 2560px) 100vw, 2560px\" \/>    \t\t\t\t\t<\/a>\n\n                        <div class=\"row postHover\">\n                            <div class=\"col text\">\n                                <div class=\"col-12 postCat\">\n                                    <a href='https:\/\/guestbook-magazine.eu\/en\/read\/paperness\/'>paperness<\/a>                        \t    <\/div>\n                                <div class=\"col-12 postTitle\">\n                                    <a href=\"https:\/\/guestbook-magazine.eu\/en\/read\/paperness\/where-in-the-world-am-i-von-david-spaeth\/\" title=\"&#8222;WHERE IN THE WORLD AM I?&#8220; von David Spaeth\">\n                                        &#8222;WHERE IN THE WORLD AM I?&#8220; von David Spaeth                                    <\/a>\n                        \t    <\/div>\n                        \t    <!--<div class=\"postDesc\">\n                        \t    \t \u2026 <b>read more<\/b>                        \t    <\/div>\n                                -->\n                            <\/div>\n                        <\/div> <!-- \/HOVER -->\n\n    \t\t\t\t<\/div>\n    \t\t\t<\/div>\n            \n                \t\t\t\t\n    \t\t\t\t    \t\t\t\t\t\t<\/div><div class=\"row\">\n    \t\t\t\t                        \n        \t        \t    <div class=\"post col-md-4 p-0\" style=\"right:-7px; margin-top:52px;\">\n    \t\t\t\t<div class=\"postImg\" style=\"z-index:0\">\n    \t\t\t\t\t<a href=\"https:\/\/guestbook-magazine.eu\/en\/read\/paperness\/carmen-catuti\/\" title=\"&#8222;Liebe Gr\u00fc\u00dfe aus 18500m H\u00f6he, Michelle&#8220; von Carmen Catuti\">\n    \t\t\t\t\t  <img loading=\"lazy\" decoding=\"async\" width=\"2048\" height=\"1365\" src=\"https:\/\/guestbook-magazine.eu\/wp-content\/uploads\/DSC03654-min.jpeg\" class=\"attachment-post-thumbnail size-post-thumbnail wp-post-image\" alt=\"\" srcset=\"https:\/\/guestbook-magazine.eu\/wp-content\/uploads\/DSC03654-min.jpeg 2048w, https:\/\/guestbook-magazine.eu\/wp-content\/uploads\/DSC03654-min-300x200.jpeg 300w, https:\/\/guestbook-magazine.eu\/wp-content\/uploads\/DSC03654-min-1024x683.jpeg 1024w, https:\/\/guestbook-magazine.eu\/wp-content\/uploads\/DSC03654-min-768x512.jpeg 768w, https:\/\/guestbook-magazine.eu\/wp-content\/uploads\/DSC03654-min-1536x1024.jpeg 1536w\" sizes=\"auto, (max-width: 2048px) 100vw, 2048px\" \/>    \t\t\t\t\t<\/a>\n\n                        <div class=\"row postHover\">\n                            <div class=\"col text\">\n                                <div class=\"col-12 postCat\">\n                                    <a href='https:\/\/guestbook-magazine.eu\/en\/read\/paperness\/'>paperness<\/a>                        \t    <\/div>\n                                <div class=\"col-12 postTitle\">\n                                    <a href=\"https:\/\/guestbook-magazine.eu\/en\/read\/paperness\/carmen-catuti\/\" title=\"&#8222;Liebe Gr\u00fc\u00dfe aus 18500m H\u00f6he, Michelle&#8220; von Carmen Catuti\">\n                                        &#8222;Liebe Gr\u00fc\u00dfe aus 18500m H\u00f6he, Michelle&#8220; von Carmen Catuti                                    <\/a>\n                        \t    <\/div>\n                        \t    <!--<div class=\"postDesc\">\n                        \t    \t \u2026 <b>read more<\/b>                        \t    <\/div>\n                                -->\n                            <\/div>\n                        <\/div> <!-- \/HOVER -->\n\n    \t\t\t\t<\/div>\n    \t\t\t<\/div>\n            \n                \t\t\t\t\n    \t\t\t\t                        \n        \t        \t    <div class=\"post col-md-4 p-0\" style=\"right:39px; margin-top:4px;\">\n    \t\t\t\t<div class=\"postImg\" style=\"z-index:2\">\n    \t\t\t\t\t<a href=\"https:\/\/guestbook-magazine.eu\/en\/read\/paperness\/visions-of-humanity\/\" title=\"&#8222;Visions of Humanity&#8220; von Mathieu Triay\">\n    \t\t\t\t\t  <img loading=\"lazy\" decoding=\"async\" width=\"1616\" height=\"1080\" src=\"https:\/\/guestbook-magazine.eu\/wp-content\/uploads\/Visions-06-min-1.jpg\" class=\"attachment-post-thumbnail size-post-thumbnail wp-post-image\" alt=\"\" srcset=\"https:\/\/guestbook-magazine.eu\/wp-content\/uploads\/Visions-06-min-1.jpg 1616w, https:\/\/guestbook-magazine.eu\/wp-content\/uploads\/Visions-06-min-1-300x200.jpg 300w, https:\/\/guestbook-magazine.eu\/wp-content\/uploads\/Visions-06-min-1-1024x684.jpg 1024w, https:\/\/guestbook-magazine.eu\/wp-content\/uploads\/Visions-06-min-1-768x513.jpg 768w, https:\/\/guestbook-magazine.eu\/wp-content\/uploads\/Visions-06-min-1-1536x1027.jpg 1536w\" sizes=\"auto, (max-width: 1616px) 100vw, 1616px\" \/>    \t\t\t\t\t<\/a>\n\n                        <div class=\"row postHover\">\n                            <div class=\"col text\">\n                                <div class=\"col-12 postCat\">\n                                    <a href='https:\/\/guestbook-magazine.eu\/en\/read\/paperness\/'>paperness<\/a>                        \t    <\/div>\n                                <div class=\"col-12 postTitle\">\n                                    <a href=\"https:\/\/guestbook-magazine.eu\/en\/read\/paperness\/visions-of-humanity\/\" title=\"&#8222;Visions of Humanity&#8220; von Mathieu Triay\">\n                                        &#8222;Visions of Humanity&#8220; von Mathieu Triay                                    <\/a>\n                        \t    <\/div>\n                        \t    <!--<div class=\"postDesc\">\n                        \t    \t \u2026 <b>read more<\/b>                        \t    <\/div>\n                                -->\n                            <\/div>\n                        <\/div> <!-- \/HOVER -->\n\n    \t\t\t\t<\/div>\n    \t\t\t<\/div>\n            \n                \t\t\t\t\n    \t\t\t\t                        \n        \t        \t    <div class=\"post col-md-4 p-0\" style=\"right:79px; margin-top:69px;\">\n    \t\t\t\t<div class=\"postImg\" style=\"z-index:1\">\n    \t\t\t\t\t<a href=\"https:\/\/guestbook-magazine.eu\/en\/read\/paperness\/love-sweat-tears-von-david-spaeth-christian-schiller\/\" title=\"&#8222;LOVE, SWEAT &#038; TEARS&#8220; von David Spaeth &#038; Christian Schiller\">\n    \t\t\t\t\t  <img loading=\"lazy\" decoding=\"async\" width=\"1616\" height=\"1080\" src=\"https:\/\/guestbook-magazine.eu\/wp-content\/uploads\/Rocker-01.jpeg\" class=\"attachment-post-thumbnail size-post-thumbnail wp-post-image\" alt=\"\" srcset=\"https:\/\/guestbook-magazine.eu\/wp-content\/uploads\/Rocker-01.jpeg 1616w, https:\/\/guestbook-magazine.eu\/wp-content\/uploads\/Rocker-01-300x200.jpeg 300w, https:\/\/guestbook-magazine.eu\/wp-content\/uploads\/Rocker-01-1024x684.jpeg 1024w, https:\/\/guestbook-magazine.eu\/wp-content\/uploads\/Rocker-01-768x513.jpeg 768w, https:\/\/guestbook-magazine.eu\/wp-content\/uploads\/Rocker-01-1536x1027.jpeg 1536w, https:\/\/guestbook-magazine.eu\/wp-content\/uploads\/Rocker-01-16x12.jpeg 16w, https:\/\/guestbook-magazine.eu\/wp-content\/uploads\/Rocker-01-800x535.jpeg 800w\" sizes=\"auto, (max-width: 1616px) 100vw, 1616px\" \/>    \t\t\t\t\t<\/a>\n\n                        <div class=\"row postHover\">\n                            <div class=\"col text\">\n                                <div class=\"col-12 postCat\">\n                                    <a href='https:\/\/guestbook-magazine.eu\/en\/read\/paperness\/'>paperness<\/a>                        \t    <\/div>\n                                <div class=\"col-12 postTitle\">\n                                    <a href=\"https:\/\/guestbook-magazine.eu\/en\/read\/paperness\/love-sweat-tears-von-david-spaeth-christian-schiller\/\" title=\"&#8222;LOVE, SWEAT &#038; TEARS&#8220; von David Spaeth &#038; Christian Schiller\">\n                                        &#8222;LOVE, SWEAT &#038; TEARS&#8220; von David Spaeth &#038; Christian Schiller                                    <\/a>\n                        \t    <\/div>\n                        \t    <!--<div class=\"postDesc\">\n                        \t    \t \u2026 <b>read more<\/b>                        \t    <\/div>\n                                -->\n                            <\/div>\n                        <\/div> <!-- \/HOVER -->\n\n    \t\t\t\t<\/div>\n    \t\t\t<\/div>\n            \n                \t\t\t\t\n    \t\t\t\t    \t\t\t\t\t\t<\/div><div class=\"row\">\n    \t\t\t\t                        \n        \t        \t    <div class=\"post col-md-4 p-0\" style=\"right:25px; margin-top:83px;\">\n    \t\t\t\t<div class=\"postImg\" style=\"z-index:0\">\n    \t\t\t\t\t<a href=\"https:\/\/guestbook-magazine.eu\/en\/read\/paperness\/tennis-fan-von-stephan-wuerth\/\" title=\"&#8222;TENNIS FAN&#8220; von Stephan W\u00fcrth\">\n    \t\t\t\t\t  <img loading=\"lazy\" decoding=\"async\" width=\"1080\" height=\"1616\" src=\"https:\/\/guestbook-magazine.eu\/wp-content\/uploads\/Stefan-Wu\u0308rth-Tennis-03-min.jpg\" class=\"attachment-post-thumbnail size-post-thumbnail wp-post-image\" alt=\"\" srcset=\"https:\/\/guestbook-magazine.eu\/wp-content\/uploads\/Stefan-Wu\u0308rth-Tennis-03-min.jpg 1080w, https:\/\/guestbook-magazine.eu\/wp-content\/uploads\/Stefan-Wu\u0308rth-Tennis-03-min-200x300.jpg 200w, https:\/\/guestbook-magazine.eu\/wp-content\/uploads\/Stefan-Wu\u0308rth-Tennis-03-min-684x1024.jpg 684w, https:\/\/guestbook-magazine.eu\/wp-content\/uploads\/Stefan-Wu\u0308rth-Tennis-03-min-768x1149.jpg 768w, https:\/\/guestbook-magazine.eu\/wp-content\/uploads\/Stefan-Wu\u0308rth-Tennis-03-min-1027x1536.jpg 1027w, https:\/\/guestbook-magazine.eu\/wp-content\/uploads\/Stefan-Wu\u0308rth-Tennis-03-min-8x12.jpg 8w, https:\/\/guestbook-magazine.eu\/wp-content\/uploads\/Stefan-Wu\u0308rth-Tennis-03-min-600x898.jpg 600w\" sizes=\"auto, (max-width: 1080px) 100vw, 1080px\" \/>    \t\t\t\t\t<\/a>\n\n                        <div class=\"row postHover\">\n                            <div class=\"col text\">\n                                <div class=\"col-12 postCat\">\n                                    <a href='https:\/\/guestbook-magazine.eu\/en\/read\/paperness\/'>paperness<\/a>                        \t    <\/div>\n                                <div class=\"col-12 postTitle\">\n                                    <a href=\"https:\/\/guestbook-magazine.eu\/en\/read\/paperness\/tennis-fan-von-stephan-wuerth\/\" title=\"&#8222;TENNIS FAN&#8220; von Stephan W\u00fcrth\">\n                                        &#8222;TENNIS FAN&#8220; von Stephan W\u00fcrth                                    <\/a>\n                        \t    <\/div>\n                        \t    <!--<div class=\"postDesc\">\n                        \t    \t \u2026 <b>read more<\/b>                        \t    <\/div>\n                                -->\n                            <\/div>\n                        <\/div> <!-- \/HOVER -->\n\n    \t\t\t\t<\/div>\n    \t\t\t<\/div>\n            \n                \t\t\t\t\n    \t\t\t\t                        \n        \t    \t<\/div>\n    <\/div>\n\n    \n<\/div>","protected":false},"excerpt":{"rendered":"","protected":false},"author":1,"featured_media":0,"parent":91,"menu_order":0,"comment_status":"closed","ping_status":"closed","template":"","meta":{"footnotes":""},"coauthors":[],"class_list":["post-108","page","type-page","status-publish","hentry"],"_links":{"self":[{"href":"https:\/\/guestbook-magazine.eu\/en\/wp-json\/wp\/v2\/pages\/108","targetHints":{"allow":["GET"]}}],"collection":[{"href":"https:\/\/guestbook-magazine.eu\/en\/wp-json\/wp\/v2\/pages"}],"about":[{"href":"https:\/\/guestbook-magazine.eu\/en\/wp-json\/wp\/v2\/types\/page"}],"author":[{"embeddable":true,"href":"https:\/\/guestbook-magazine.eu\/en\/wp-json\/wp\/v2\/users\/1"}],"replies":[{"embeddable":true,"href":"https:\/\/guestbook-magazine.eu\/en\/wp-json\/wp\/v2\/comments?post=108"}],"version-history":[{"count":3,"href":"https:\/\/guestbook-magazine.eu\/en\/wp-json\/wp\/v2\/pages\/108\/revisions"}],"predecessor-version":[{"id":823,"href":"https:\/\/guestbook-magazine.eu\/en\/wp-json\/wp\/v2\/pages\/108\/revisions\/823"}],"up":[{"embeddable":true,"href":"https:\/\/guestbook-magazine.eu\/en\/wp-json\/wp\/v2\/pages\/91"}],"wp:attachment":[{"href":"https:\/\/guestbook-magazine.eu\/en\/wp-json\/wp\/v2\/media?parent=108"}],"wp:term":[{"taxonomy":"author","embeddable":true,"href":"https:\/\/guestbook-magazine.eu\/en\/wp-json\/wp\/v2\/coauthors?post=108"}],"curies":[{"name":"wp","href":"https:\/\/api.w.org\/{rel}","templated":true}]}}